{"id":521,"date":"2024-11-27T15:13:10","date_gmt":"2024-11-27T18:13:10","guid":{"rendered":"https:\/\/rebimar.ejulianoti.com.br\/?page_id=521"},"modified":"2025-09-17T16:11:53","modified_gmt":"2025-09-17T19:11:53","slug":"recifes-artificiais","status":"publish","type":"page","link":"https:\/\/marbrasil.org\/rebimar\/recifes-artificiais\/","title":{"rendered":"Recifes Artificiais"},"content":{"rendered":"\t\t<div data-elementor-type=\"wp-page\" data-elementor-id=\"521\" class=\"elementor elementor-521\" data-elementor-post-type=\"page\">\n\t\t\t\t<div data-particle_enable=\"false\" data-particle-mobile-disabled=\"false\" class=\"elementor-element elementor-element-5cb197d e-flex e-con-boxed e-con e-parent\" data-id=\"5cb197d\" data-element_type=\"container\" data-settings=\"{&quot;background_background&quot;:&quot;slideshow&quot;,&quot;shape_divider_bottom&quot;:&quot;wave-brush&quot;,&quot;background_slideshow_gallery&quot;:[{&quot;id&quot;:527,&quot;url&quot;:&quot;https:\\\/\\\/marbrasil.org\\\/rebimar\\\/wp-content\\\/uploads\\\/2024\\\/11\\\/projeto-rebimar-associacao-marbrasil-conservacao-educacao-ambiental-mergulho-cientifico-pesquisa-conservacao-e-uso-racional-do-ecossistema-marinho-costeiro-recifes-artificiais.png&quot;}],&quot;background_slideshow_loop&quot;:&quot;yes&quot;,&quot;background_slideshow_slide_duration&quot;:5000,&quot;background_slideshow_slide_transition&quot;:&quot;fade&quot;,&quot;background_slideshow_transition_duration&quot;:500}\">\n\t\t\t\t\t<div class=\"e-con-inner\">\n\t\t\t\t<div class=\"elementor-shape elementor-shape-bottom\" aria-hidden=\"true\" data-negative=\"false\">\n\t\t\t<svg xmlns=\"http:\/\/www.w3.org\/2000\/svg\" viewBox=\"0 0 283.5 27.8\" preserveAspectRatio=\"none\">\n\t<path class=\"elementor-shape-fill\" d=\"M283.5,9.7c0,0-7.3,4.3-14,4.6c-6.8,0.3-12.6,0-20.9-1.5c-11.3-2-33.1-10.1-44.7-5.7\ts-12.1,4.6-18,7.4c-6.6,3.2-20,9.6-36.6,9.3C131.6,23.5,99.5,7.2,86.3,8c-1.4,0.1-6.6,0.8-10.5,2c-3.8,1.2-9.4,3.8-17,4.7\tc-3.2,0.4-8.3,1.1-14.2,0.9c-1.5-0.1-6.3-0.4-12-1.6c-5.7-1.2-11-3.1-15.8-3.7C6.5,9.2,0,10.8,0,10.8V0h283.5V9.7z M260.8,11.3\tc-0.7-1-2-0.4-4.3-0.4c-2.3,0-6.1-1.2-5.8-1.1c0.3,0.1,3.1,1.5,6,1.9C259.7,12.2,261.4,12.3,260.8,11.3z M242.4,8.6\tc0,0-2.4-0.2-5.6-0.9c-3.2-0.8-10.3-2.8-15.1-3.5c-8.2-1.1-15.8,0-15.1,0.1c0.8,0.1,9.6-0.6,17.6,1.1c3.3,0.7,9.3,2.2,12.4,2.7\tC239.9,8.7,242.4,8.6,242.4,8.6z M185.2,8.5c1.7-0.7-13.3,4.7-18.5,6.1c-2.1,0.6-6.2,1.6-10,2c-3.9,0.4-8.9,0.4-8.8,0.5\tc0,0.2,5.8,0.8,11.2,0c5.4-0.8,5.2-1.1,7.6-1.6C170.5,14.7,183.5,9.2,185.2,8.5z M199.1,6.9c0.2,0-0.8-0.4-4.8,1.1\tc-4,1.5-6.7,3.5-6.9,3.7c-0.2,0.1,3.5-1.8,6.6-3C197,7.5,199,6.9,199.1,6.9z M283,6c-0.1,0.1-1.9,1.1-4.8,2.5s-6.9,2.8-6.7,2.7\tc0.2,0,3.5-0.6,7.4-2.5C282.8,6.8,283.1,5.9,283,6z M31.3,11.6c0.1-0.2-1.9-0.2-4.5-1.2s-5.4-1.6-7.8-2C15,7.6,7.3,8.5,7.7,8.6\tC8,8.7,15.9,8.3,20.2,9.3c2.2,0.5,2.4,0.5,5.7,1.6S31.2,11.9,31.3,11.6z M73,9.2c0.4-0.1,3.5-1.6,8.4-2.6c4.9-1.1,8.9-0.5,8.9-0.8\tc0-0.3-1-0.9-6.2-0.3S72.6,9.3,73,9.2z M71.6,6.7C71.8,6.8,75,5.4,77.3,5c2.3-0.3,1.9-0.5,1.9-0.6c0-0.1-1.1-0.2-2.7,0.2\tC74.8,5.1,71.4,6.6,71.6,6.7z M93.6,4.4c0.1,0.2,3.5,0.8,5.6,1.8c2.1,1,1.8,0.6,1.9,0.5c0.1-0.1-0.8-0.8-2.4-1.3\tC97.1,4.8,93.5,4.2,93.6,4.4z M65.4,11.1c-0.1,0.3,0.3,0.5,1.9-0.2s2.6-1.3,2.2-1.2s-0.9,0.4-2.5,0.8C65.3,10.9,65.5,10.8,65.4,11.1\tz M34.5,12.4c-0.2,0,2.1,0.8,3.3,0.9c1.2,0.1,2,0.1,2-0.2c0-0.3-0.1-0.5-1.6-0.4C36.6,12.8,34.7,12.4,34.5,12.4z M152.2,21.1\tc-0.1,0.1-2.4-0.3-7.5-0.3c-5,0-13.6-2.4-17.2-3.5c-3.6-1.1,10,3.9,16.5,4.1C150.5,21.6,152.3,21,152.2,21.1z\"\/>\n\t<path class=\"elementor-shape-fill\" d=\"M269.6,18c-0.1-0.1-4.6,0.3-7.2,0c-7.3-0.7-17-3.2-16.6-2.9c0.4,0.3,13.7,3.1,17,3.3\tC267.7,18.8,269.7,18,269.6,18z\"\/>\n\t<path class=\"elementor-shape-fill\" d=\"M227.4,9.8c-0.2-0.1-4.5-1-9.5-1.2c-5-0.2-12.7,0.6-12.3,0.5c0.3-0.1,5.9-1.8,13.3-1.2\tS227.6,9.9,227.4,9.8z\"\/>\n\t<path class=\"elementor-shape-fill\" d=\"M204.5,13.4c-0.1-0.1,2-1,3.2-1.1c1.2-0.1,2,0,2,0.3c0,0.3-0.1,0.5-1.6,0.4\tC206.4,12.9,204.6,13.5,204.5,13.4z\"\/>\n\t<path class=\"elementor-shape-fill\" d=\"M201,10.6c0-0.1-4.4,1.2-6.3,2.2c-1.9,0.9-6.2,3.1-6.1,3.1c0.1,0.1,4.2-1.6,6.3-2.6\tS201,10.7,201,10.6z\"\/>\n\t<path class=\"elementor-shape-fill\" d=\"M154.5,26.7c-0.1-0.1-4.6,0.3-7.2,0c-7.3-0.7-17-3.2-16.6-2.9c0.4,0.3,13.7,3.1,17,3.3\tC152.6,27.5,154.6,26.8,154.5,26.7z\"\/>\n\t<path class=\"elementor-shape-fill\" d=\"M41.9,19.3c0,0,1.2-0.3,2.9-0.1c1.7,0.2,5.8,0.9,8.2,0.7c4.2-0.4,7.4-2.7,7-2.6\tc-0.4,0-4.3,2.2-8.6,1.9c-1.8-0.1-5.1-0.5-6.7-0.4S41.9,19.3,41.9,19.3z\"\/>\n\t<path class=\"elementor-shape-fill\" d=\"M75.5,12.6c0.2,0.1,2-0.8,4.3-1.1c2.3-0.2,2.1-0.3,2.1-0.5c0-0.1-1.8-0.4-3.4,0\tC76.9,11.5,75.3,12.5,75.5,12.6z\"\/>\n\t<path class=\"elementor-shape-fill\" d=\"M15.6,13.2c0-0.1,4.3,0,6.7,0.5c2.4,0.5,5,1.9,5,2c0,0.1-2.7-0.8-5.1-1.4\tC19.9,13.7,15.7,13.3,15.6,13.2z\"\/>\n<\/svg>\t\t<\/div>\n\t\t<div data-particle_enable=\"false\" data-particle-mobile-disabled=\"false\" class=\"elementor-element elementor-element-bdd2887 e-con-full e-flex e-con e-child\" data-id=\"bdd2887\" data-element_type=\"container\">\n\t\t\t\t<\/div>\n\t\t\t\t\t<\/div>\n\t\t\t\t<\/div>\n\t\t<div data-particle_enable=\"false\" data-particle-mobile-disabled=\"false\" class=\"elementor-element elementor-element-e80f79b e-con-full e-flex e-con e-parent\" data-id=\"e80f79b\" data-element_type=\"container\">\n\t\t<div data-particle_enable=\"false\" data-particle-mobile-disabled=\"false\" class=\"elementor-element elementor-element-e3b048d e-flex e-con-boxed e-con e-child\" data-id=\"e3b048d\" data-element_type=\"container\">\n\t\t\t\t\t<div class=\"e-con-inner\">\n\t\t\t\t<div class=\"elementor-element elementor-element-c96d221 elementor-widget elementor-widget-text-editor\" data-id=\"c96d221\" data-element_type=\"widget\" data-widget_type=\"text-editor.default\">\n\t\t\t\t<div class=\"elementor-widget-container\">\n\t\t\t\t\t\t\t\t\t<p><strong>REBIMAR<\/strong><\/p>\t\t\t\t\t\t\t\t<\/div>\n\t\t\t\t<\/div>\n\t\t\t\t<div class=\"elementor-element elementor-element-bdcdc89 elementor-widget elementor-widget-heading\" data-id=\"bdcdc89\" data-element_type=\"widget\" data-widget_type=\"heading.default\">\n\t\t\t\t<div class=\"elementor-widget-container\">\n\t\t\t\t\t<h3 class=\"elementor-heading-title elementor-size-default\">Recifes Artificiais<\/h3>\t\t\t\t<\/div>\n\t\t\t\t<\/div>\n\t\t\t\t<div class=\"elementor-element elementor-element-a93eb7b elementor-widget elementor-widget-text-editor\" data-id=\"a93eb7b\" data-element_type=\"widget\" data-widget_type=\"text-editor.default\">\n\t\t\t\t<div class=\"elementor-widget-container\">\n\t\t\t\t\t\t\t\t\t<p><strong>O Programa de Recupera\u00e7\u00e3o da Biodiversidade Marinha<\/strong> instalou entre 2010 e 2012, 3.500 blocos de concreto, todos com ph corrigido para o ambiente marinho, com o objetivo principal que d\u00e1 nome ao projeto, de recuperar a biodiversidade marinha e promover um ordenamento pesqueiro na regi\u00e3o, incrementando a pesca artesanal e evitando a pesca de arrasto industrial, que \u00e9 bastante prejudicial para o ecossistema subaqu\u00e1tico.<br \/><br \/><strong>A instala\u00e7\u00e3o dos recifes artificiais<\/strong> foi realizada em conjunto com a comunidade local, em especial os pescadores artesanais, que puderam participar na escolha dos locais de instala\u00e7\u00e3o dos recifes artificiais. Al\u00e9m disso, receberam treinamento de GPS para uma melhor navega\u00e7\u00e3o na costa paranaense. Assim, o projeto permitiu a conserva\u00e7\u00e3o de 15 mil hectares da plataforma continental interna, al\u00e9m de incrementar a biodiversidade de organismos associados aos fundos rochosos, desde a fauna bent\u00f4nica, que vive diretamente associada a esses fundos, at\u00e9 organismos maiores, tais como peixes e invertebrados.<\/p><p>\u00a0<\/p><p>Vale ressaltar a <strong>import\u00e2ncia dos recifes artificiais no ciclo de vida dos meros <em>(Epinephelus Itajara)<\/em><\/strong>, que \u00e9 uma esp\u00e9cie de peixe amea\u00e7ada de extin\u00e7\u00e3o, \u00e9 que utiliza os recifes para alimenta\u00e7\u00e3o, ref\u00fagio e reprodu\u00e7\u00e3o.<\/p>\t\t\t\t\t\t\t\t<\/div>\n\t\t\t\t<\/div>\n\t\t\t\t\t<\/div>\n\t\t\t\t<\/div>\n\t\t<div data-particle_enable=\"false\" data-particle-mobile-disabled=\"false\" class=\"elementor-element elementor-element-a74d967 e-con-full e-flex e-con e-child\" data-id=\"a74d967\" data-element_type=\"container\" data-settings=\"{&quot;background_background&quot;:&quot;classic&quot;}\">\n\t\t\t\t<\/div>\n\t\t\t\t<\/div>\n\t\t<div data-particle_enable=\"false\" data-particle-mobile-disabled=\"false\" class=\"elementor-element elementor-element-2a2f409 e-flex e-con-boxed e-con e-parent\" data-id=\"2a2f409\" data-element_type=\"container\">\n\t\t\t\t\t<div class=\"e-con-inner\">\n\t\t\t\t<div class=\"elementor-element elementor-element-76f9a5f elementor-widget elementor-widget-heading\" data-id=\"76f9a5f\" data-element_type=\"widget\" data-widget_type=\"heading.default\">\n\t\t\t\t<div class=\"elementor-widget-container\">\n\t\t\t\t\t<h3 class=\"elementor-heading-title elementor-size-default\">Pesquisadores Envolvidos<\/h3>\t\t\t\t<\/div>\n\t\t\t\t<\/div>\n\t\t\t\t<div class=\"elementor-element elementor-element-1b7fdbd elementor-widget elementor-widget-eael-team-member-carousel\" data-id=\"1b7fdbd\" data-element_type=\"widget\" data-widget_type=\"eael-team-member-carousel.default\">\n\t\t\t\t<div class=\"elementor-widget-container\">\n\t\t\t\t\t        <div class=\"swiper-container-wrap eael-team-member-carousel-wrap swiper-container-wrap-dots-outside\">\n            <div class=\"swiper-container swiper-8-lower eael-tm-wrapper eael-tm-carousel eael-tm-carousel-dots-outside\" id=\"swiper-container-1b7fdbd\" data-pagination=\".swiper-pagination-1b7fdbd\" data-arrow-next=\".swiper-button-next-1b7fdbd\" data-arrow-prev=\".swiper-button-prev-1b7fdbd\" data-id=\"swiper-container-1b7fdbd\" data-items=\"6\" data-margin=\"15\" data-items-mobile=\"1\" data-margin-mobile=\"10\" data-items-tablet=\"2\" data-margin-tablet=\"10\" data-speed=\"400\" data-autoplay=\"2000\" data-loop=\"1\" data-dots=\"1\">\n                <div class=\"swiper-wrapper\">\n\t\t\t\t\t                        <div class=\"swiper-slide\">\n                            <div class=\"eael-tm\">\n                                <div class=\"eael-tm-image\">\n\t\t\t\t\t\t\t\t\t<img decoding=\"async\" src=\"https:\/\/marbrasil.org\/rebimar\/wp-content\/uploads\/2024\/11\/projeto-rebimar-associacao-marbrasil-conservacao-educacao-ambiental-mergulho-cientifico-pesquisa-conservacao-e-uso-racional-do-ecossistema-marinho-costeiro-equipe-B5.png\" alt=\"Andr\u00e9 Cattani\">\t\t\t\t\t\t\t\t\t                                <\/div>\n\n                                <div class=\"eael-tm-content eael-tm-content-normal\">\n\t\t\t\t\t\t\t\t\t<h4 class=\"eael-tm-name\">Andr\u00e9 Cattani<\/h4>\t\t\t\t\t\t        <div class=\"eael-tm-social-links-wrap\">\n            <ul class=\"eael-tm-social-links\">\n\t\t\t\t            <\/ul>\n        <\/div>\n\t\t                                <\/div>\n                            <\/div><!-- .eael-tm -->\n                        <\/div><!-- .swiper-slide -->\n\t\t\t\t\t                        <div class=\"swiper-slide\">\n                            <div class=\"eael-tm\">\n                                <div class=\"eael-tm-image\">\n\t\t\t\t\t\t\t\t\t<img decoding=\"async\" src=\"https:\/\/marbrasil.org\/rebimar\/wp-content\/uploads\/2024\/11\/projeto-rebimar-associacao-marbrasil-conservacao-educacao-ambiental-mergulho-cientifico-pesquisa-conservacao-e-uso-racional-do-ecossistema-marinho-costeiro-equipe-B11.png\" alt=\"Claudia Namiki\">\t\t\t\t\t\t\t\t\t                                <\/div>\n\n                                <div class=\"eael-tm-content eael-tm-content-normal\">\n\t\t\t\t\t\t\t\t\t<h4 class=\"eael-tm-name\">Claudia Namiki<\/h4>\t\t\t\t\t\t        <div class=\"eael-tm-social-links-wrap\">\n            <ul class=\"eael-tm-social-links\">\n\t\t\t\t            <\/ul>\n        <\/div>\n\t\t                                <\/div>\n                            <\/div><!-- .eael-tm -->\n                        <\/div><!-- .swiper-slide -->\n\t\t\t\t\t                        <div class=\"swiper-slide\">\n                            <div class=\"eael-tm\">\n                                <div class=\"eael-tm-image\">\n\t\t\t\t\t\t\t\t\t<img decoding=\"async\" src=\"https:\/\/marbrasil.org\/rebimar\/wp-content\/uploads\/2025\/04\/projeto-rebimar-associacao-marbrasil-conservacao-educacao-ambiental-mergulho-cientifico-pesquisa-conservacao-e-uso-racional-do-ecossistema-marinho-costeiro-equipe-rafael-metri.png\" alt=\"Rafael Metri\">\t\t\t\t\t\t\t\t\t                                <\/div>\n\n                                <div class=\"eael-tm-content eael-tm-content-normal\">\n\t\t\t\t\t\t\t\t\t<h4 class=\"eael-tm-name\">Rafael Metri<\/h4>\t\t\t\t\t\t        <div class=\"eael-tm-social-links-wrap\">\n            <ul class=\"eael-tm-social-links\">\n\t\t\t\t            <\/ul>\n        <\/div>\n\t\t                                <\/div>\n                            <\/div><!-- .eael-tm -->\n                        <\/div><!-- .swiper-slide -->\n\t\t\t\t\t                        <div class=\"swiper-slide\">\n                            <div class=\"eael-tm\">\n                                <div class=\"eael-tm-image\">\n\t\t\t\t\t\t\t\t\t<img decoding=\"async\" src=\"https:\/\/marbrasil.org\/rebimar\/wp-content\/uploads\/2025\/04\/projeto-rebimar-associacao-marbrasil-conservacao-educacao-ambiental-mergulho-cientifico-pesquisa-conservacao-e-uso-racional-do-ecossistema-marinho-costeiro-equipe-Ana.png\" alt=\"Anna Julia Tonial\">\t\t\t\t\t\t\t\t\t                                <\/div>\n\n                                <div class=\"eael-tm-content eael-tm-content-normal\">\n\t\t\t\t\t\t\t\t\t<h4 class=\"eael-tm-name\">Anna Julia Tonial<\/h4>\t\t\t\t            <div class=\"eael-tm-description\">\n\t\t\t\tEstudante de Oceanografia e Ictiopl\u00e2ncton            <\/div>\n\t\t\t\t        <div class=\"eael-tm-social-links-wrap\">\n            <ul class=\"eael-tm-social-links\">\n\t\t\t\t            <\/ul>\n        <\/div>\n\t\t                                <\/div>\n                            <\/div><!-- .eael-tm -->\n                        <\/div><!-- .swiper-slide -->\n\t\t\t\t\t                <\/div>\n            <\/div>\n\t\t\t            <!-- Add Pagination -->\n            <div class=\"swiper-pagination swiper-pagination-1b7fdbd\"><\/div>\n\t\t        <\/div>\n\t\t\t\t\t\t<\/div>\n\t\t\t\t<\/div>\n\t\t\t\t\t<\/div>\n\t\t\t\t<\/div>\n\t\t\t\t<\/div>\n\t\t","protected":false},"excerpt":{"rendered":"<p>REBIMAR Recifes Artificiais O Programa de Recupera\u00e7\u00e3o da Biodiversidade Marinha instalou entre 2010 e 2012, 3.500 blocos de concreto, todos com ph corrigido para o ambiente marinho, com o objetivo principal que d\u00e1 nome ao projeto, de recuperar a biodiversidade marinha e promover um ordenamento pesqueiro na regi\u00e3o, incrementando a pesca artesanal e evitando a [&hellip;]<\/p>\n","protected":false},"author":2,"featured_media":0,"parent":0,"menu_order":0,"comment_status":"closed","ping_status":"closed","template":"","meta":{"footnotes":""},"class_list":["post-521","page","type-page","status-publish","hentry"],"_links":{"self":[{"href":"https:\/\/marbrasil.org\/rebimar\/wp-json\/wp\/v2\/pages\/521","targetHints":{"allow":["GET"]}}],"collection":[{"href":"https:\/\/marbrasil.org\/rebimar\/wp-json\/wp\/v2\/pages"}],"about":[{"href":"https:\/\/marbrasil.org\/rebimar\/wp-json\/wp\/v2\/types\/page"}],"author":[{"embeddable":true,"href":"https:\/\/marbrasil.org\/rebimar\/wp-json\/wp\/v2\/users\/2"}],"replies":[{"embeddable":true,"href":"https:\/\/marbrasil.org\/rebimar\/wp-json\/wp\/v2\/comments?post=521"}],"version-history":[{"count":34,"href":"https:\/\/marbrasil.org\/rebimar\/wp-json\/wp\/v2\/pages\/521\/revisions"}],"predecessor-version":[{"id":1726,"href":"https:\/\/marbrasil.org\/rebimar\/wp-json\/wp\/v2\/pages\/521\/revisions\/1726"}],"wp:attachment":[{"href":"https:\/\/marbrasil.org\/rebimar\/wp-json\/wp\/v2\/media?parent=521"}],"curies":[{"name":"wp","href":"https:\/\/api.w.org\/{rel}","templated":true}]}}